{"id":1252,"date":"2014-04-08T13:29:13","date_gmt":"2014-04-08T11:29:13","guid":{"rendered":"http:\/\/www.otuzilci-brno.cz\/?page_id=1252"},"modified":"2019-03-30T09:02:53","modified_gmt":"2019-03-30T08:02:53","slug":"2014-pardubice-3-3-2-2-2-4-2-2","status":"publish","type":"page","link":"https:\/\/www.otuzilci-brno.cz\/?page_id=1252","title":{"rendered":"6.4.2014 &#8211; \u0160o\u0161\u016fvka"},"content":{"rendered":"<p>Otu\u017eileck\u00e9 koup\u00e1n\u00ed &#8211; rozlou\u010den\u00ed se sez\u00f3nou<!--more--><\/p>\n<h4>\u00a9Foto: Dalimil Marek<\/h4>\n<div class=\"flickr-justified-gallery-error\"><span style=\"color:red\">Flickr API error: <\/span><span class=\"flickr-justified-gallery-error-msg\">Invalid API Key (Key has invalid format)<\/span><\/div>\n<h4><\/h4>\n","protected":false},"excerpt":{"rendered":"<p>Otu\u017eileck\u00e9 koup\u00e1n\u00ed &#8211; rozlou\u010den\u00ed se sez\u00f3nou<\/p>\n","protected":false},"author":1,"featured_media":1262,"parent":238,"menu_order":133,"comment_status":"closed","ping_status":"open","template":"","meta":{"ngg_post_thumbnail":0,"footnotes":""},"class_list":["post-1252","page","type-page","status-publish","has-post-thumbnail","hentry"],"_links":{"self":[{"href":"https:\/\/www.otuzilci-brno.cz\/index.php?rest_route=\/wp\/v2\/pages\/1252","targetHints":{"allow":["GET"]}}],"collection":[{"href":"https:\/\/www.otuzilci-brno.cz\/index.php?rest_route=\/wp\/v2\/pages"}],"about":[{"href":"https:\/\/www.otuzilci-brno.cz\/index.php?rest_route=\/wp\/v2\/types\/page"}],"author":[{"embeddable":true,"href":"https:\/\/www.otuzilci-brno.cz\/index.php?rest_route=\/wp\/v2\/users\/1"}],"replies":[{"embeddable":true,"href":"https:\/\/www.otuzilci-brno.cz\/index.php?rest_route=%2Fwp%2Fv2%2Fcomments&post=1252"}],"version-history":[{"count":1,"href":"https:\/\/www.otuzilci-brno.cz\/index.php?rest_route=\/wp\/v2\/pages\/1252\/revisions"}],"predecessor-version":[{"id":1253,"href":"https:\/\/www.otuzilci-brno.cz\/index.php?rest_route=\/wp\/v2\/pages\/1252\/revisions\/1253"}],"up":[{"embeddable":true,"href":"https:\/\/www.otuzilci-brno.cz\/index.php?rest_route=\/wp\/v2\/pages\/238"}],"wp:featuredmedia":[{"embeddable":true,"href":"https:\/\/www.otuzilci-brno.cz\/index.php?rest_route=\/wp\/v2\/media\/1262"}],"wp:attachment":[{"href":"https:\/\/www.otuzilci-brno.cz\/index.php?rest_route=%2Fwp%2Fv2%2Fmedia&parent=1252"}],"curies":[{"name":"wp","href":"https:\/\/api.w.org\/{rel}","templated":true}]}}