{"id":1618,"date":"2014-10-02T11:41:32","date_gmt":"2014-10-02T09:41:32","guid":{"rendered":"http:\/\/www.otuzilci-brno.cz\/?page_id=1618"},"modified":"2019-03-30T09:02:52","modified_gmt":"2019-03-30T08:02:52","slug":"2014-racice-mcr-3-2","status":"publish","type":"page","link":"https:\/\/www.otuzilci-brno.cz\/?page_id=1618","title":{"rendered":"8.10.2014 &#8211; Punkevn\u00ed jeskyn\u011b"},"content":{"rendered":"<p>Tr\u00e9nink v Punkevn\u00ed jeskyni<br \/>\n<!--more--><\/p>\n<h4>\u00a9Foto:\u00a0Dalimil Marek<\/h4>\n<div class=\"flickr-justified-gallery-error\"><span style=\"color:red\">Flickr API error: <\/span><span class=\"flickr-justified-gallery-error-msg\">Invalid API Key (Key has invalid format)<\/span><\/div>\n<h4>\u00a9Foto:\u00a0Martin Hormon Homolka<\/h4>\n<div class=\"flickr-justified-gallery-error\"><span style=\"color:red\">Flickr API error: <\/span><span class=\"flickr-justified-gallery-error-msg\">Invalid API Key (Key has invalid format)<\/span><\/div>\n<h4>\u00a9Video:\u00a0Radom\u00edr Kure\u010dka<\/h4>\n<p>prvn\u00edch cca 4:30 minuty je celkem nezaj\u00edmav\u00e9, nem\u00e1m v\u0161ak \u010das to sest\u0159\u00edhat. Tak si to, pros\u00edm, p\u0159eto\u010dte. R.<\/p>\n<p><iframe loading=\"lazy\" src=\"https:\/\/drive.google.com\/file\/d\/0B7TR4JYy1AwFSXJzdXQtdkh4WTg\/preview\" width=\"640\" height=\"385\"><\/iframe>;<\/p>\n","protected":false},"excerpt":{"rendered":"<p>Tr\u00e9nink v Punkevn\u00ed jeskyni<\/p>\n","protected":false},"author":1,"featured_media":1624,"parent":238,"menu_order":122,"comment_status":"closed","ping_status":"closed","template":"","meta":{"ngg_post_thumbnail":0,"footnotes":""},"class_list":["post-1618","page","type-page","status-publish","has-post-thumbnail","hentry"],"_links":{"self":[{"href":"https:\/\/www.otuzilci-brno.cz\/index.php?rest_route=\/wp\/v2\/pages\/1618","targetHints":{"allow":["GET"]}}],"collection":[{"href":"https:\/\/www.otuzilci-brno.cz\/index.php?rest_route=\/wp\/v2\/pages"}],"about":[{"href":"https:\/\/www.otuzilci-brno.cz\/index.php?rest_route=\/wp\/v2\/types\/page"}],"author":[{"embeddable":true,"href":"https:\/\/www.otuzilci-brno.cz\/index.php?rest_route=\/wp\/v2\/users\/1"}],"replies":[{"embeddable":true,"href":"https:\/\/www.otuzilci-brno.cz\/index.php?rest_route=%2Fwp%2Fv2%2Fcomments&post=1618"}],"version-history":[{"count":7,"href":"https:\/\/www.otuzilci-brno.cz\/index.php?rest_route=\/wp\/v2\/pages\/1618\/revisions"}],"predecessor-version":[{"id":1657,"href":"https:\/\/www.otuzilci-brno.cz\/index.php?rest_route=\/wp\/v2\/pages\/1618\/revisions\/1657"}],"up":[{"embeddable":true,"href":"https:\/\/www.otuzilci-brno.cz\/index.php?rest_route=\/wp\/v2\/pages\/238"}],"wp:featuredmedia":[{"embeddable":true,"href":"https:\/\/www.otuzilci-brno.cz\/index.php?rest_route=\/wp\/v2\/media\/1624"}],"wp:attachment":[{"href":"https:\/\/www.otuzilci-brno.cz\/index.php?rest_route=%2Fwp%2Fv2%2Fmedia&parent=1618"}],"curies":[{"name":"wp","href":"https:\/\/api.w.org\/{rel}","templated":true}]}}