{"id":1622,"date":"2014-12-25T08:00:40","date_gmt":"2014-12-25T07:00:40","guid":{"rendered":"http:\/\/www.otuzilci-brno.cz\/?page_id=1622"},"modified":"2019-03-30T09:02:52","modified_gmt":"2019-03-30T08:02:52","slug":"2014-racice-mcr-3","status":"publish","type":"page","link":"https:\/\/www.otuzilci-brno.cz\/?page_id=1622","title":{"rendered":"23.8. &#8211; 24.8.2014 &#8211; Mistrovstv\u00ed \u010cR v d\u00e1lkov\u00e9m plav\u00e1n\u00ed, vesla\u0159sk\u00fd kan\u00e1l Ra\u010dice"},"content":{"rendered":"<p>Z\u00e1vod v d\u00e1lkov\u00e9m plav\u00e1n\u00ed.<!--more--><\/p>\n<h4>\u00a9Foto:\u00a0Svatopluk Matu\u0161t\u00edk<\/h4>\n<div class=\"flickr-justified-gallery-error\"><span style=\"color:red\">Flickr API error: <\/span><span class=\"flickr-justified-gallery-error-msg\">Invalid API Key (Key has invalid format)<\/span><\/div>\n","protected":false},"excerpt":{"rendered":"<p>Z\u00e1vod v d\u00e1lkov\u00e9m plav\u00e1n\u00ed.<\/p>\n","protected":false},"author":1,"featured_media":1830,"parent":238,"menu_order":127,"comment_status":"closed","ping_status":"closed","template":"","meta":{"ngg_post_thumbnail":0,"footnotes":""},"class_list":["post-1622","page","type-page","status-publish","has-post-thumbnail","hentry"],"_links":{"self":[{"href":"https:\/\/www.otuzilci-brno.cz\/index.php?rest_route=\/wp\/v2\/pages\/1622","targetHints":{"allow":["GET"]}}],"collection":[{"href":"https:\/\/www.otuzilci-brno.cz\/index.php?rest_route=\/wp\/v2\/pages"}],"about":[{"href":"https:\/\/www.otuzilci-brno.cz\/index.php?rest_route=\/wp\/v2\/types\/page"}],"author":[{"embeddable":true,"href":"https:\/\/www.otuzilci-brno.cz\/index.php?rest_route=\/wp\/v2\/users\/1"}],"replies":[{"embeddable":true,"href":"https:\/\/www.otuzilci-brno.cz\/index.php?rest_route=%2Fwp%2Fv2%2Fcomments&post=1622"}],"version-history":[{"count":1,"href":"https:\/\/www.otuzilci-brno.cz\/index.php?rest_route=\/wp\/v2\/pages\/1622\/revisions"}],"predecessor-version":[{"id":1819,"href":"https:\/\/www.otuzilci-brno.cz\/index.php?rest_route=\/wp\/v2\/pages\/1622\/revisions\/1819"}],"up":[{"embeddable":true,"href":"https:\/\/www.otuzilci-brno.cz\/index.php?rest_route=\/wp\/v2\/pages\/238"}],"wp:featuredmedia":[{"embeddable":true,"href":"https:\/\/www.otuzilci-brno.cz\/index.php?rest_route=\/wp\/v2\/media\/1830"}],"wp:attachment":[{"href":"https:\/\/www.otuzilci-brno.cz\/index.php?rest_route=%2Fwp%2Fv2%2Fmedia&parent=1622"}],"curies":[{"name":"wp","href":"https:\/\/api.w.org\/{rel}","templated":true}]}}