{"id":24,"date":"2013-12-03T11:56:03","date_gmt":"2013-12-03T11:56:03","guid":{"rendered":"http:\/\/www.otuzilci-brno.cz\/?page_id=24"},"modified":"2023-03-09T10:53:39","modified_gmt":"2023-03-09T09:53:39","slug":"historie-oddilu","status":"publish","type":"page","link":"https:\/\/www.otuzilci-brno.cz\/?page_id=24","title":{"rendered":"Historie odd\u00edlu"},"content":{"rendered":"<h3><strong>Jak vznikl odd\u00edl Fides<br \/>\n<\/strong><\/h3>\n<h4>&#8230; a stru\u010dn\u00fd popis jeho cesty do dne\u0161n\u00edch \u010das\u016f<\/h4>\n<p>U zrodu odd\u00edlu byla \u00fasp\u011b\u0161n\u00e1 spolupr\u00e1ce d\u00e1lkov\u00fdch plavc\u016f a otu\u017eilc\u016f Richarda Haana a Petra Miholy s veden\u00edm spole\u010dnosti Trade Fides p\u0159i zdol\u00e1n\u00ed Gibraltarsk\u00e9ho pr\u016flivu na konci uplynul\u00e9ho tis\u00edcilet\u00ed v srpnu roku 2000. T\u011blov\u00fdchovn\u00e1 jednota Fides Brno byla zalo\u017eena a registrov\u00e1na 23. srpna 2000. Tehdej\u0161\u00edm zakl\u00e1daj\u00edc\u00edm p\u0159edsedou se stal Zden\u011bk Filip a zakl\u00e1daj\u00edc\u00edmi \u010dleny byli Libor Hled\u00edk, Franti\u0161ek Houdek, Pavel Sedl\u00e1k, Jaroslav Nesvadba, Vladim\u00edr Pil\u00e1t a Mirek Tich\u00fd. K nim se z\u00e1hy p\u0159idali oba \u00fasp\u011b\u0161n\u00ed plavci p\u0159es Gibraltar a Hana Kvapilov\u00e1. V sez\u00f3n\u011b 2000\/2001 skon\u010dil n\u00e1\u0161 mal\u00fd odd\u00edl na 6.&nbsp;m\u00edst\u011b v \u010cesk\u00e9m poh\u00e1ru zimn\u00edho plav\u00e1n\u00ed.<\/p>\n<p>Do sez\u00f3ny 2001\/02 jsme vstoupili slou\u010deni s odd\u00edlem Jiskra Kamenick\u00fd \u0160enov. Z\u00edskali jsme tak mistryn\u011b \u010cR Zuzku Kou\u0159ilovou a St\u00e1\u0148u Brustmannovou. D\u00e1le pak hotov\u00e9 z\u00e1vodn\u00edky Pavla Kou\u0159ila, Milana Maternu, Ji\u0159\u00edho Vale\u0161e a Jarka Brustmanna. Plavci \u201eSevern\u00ed aliance\u201c se v n\u00e1sleduj\u00edc\u00ed sez\u00f3n\u011b postarali o t\u00e9m\u011b\u0159 polovinu z\u00edskan\u00fdch bod\u016f. V sez\u00f3n\u011b 2002\/03 jsme z\u00edskali prvn\u00ed v\u00edt\u011bzstv\u00ed \u010cesk\u00e9ho poh\u00e1ru zimn\u00edho plav\u00e1n\u00ed. A tak to s n\u00e1mi jde d\u00e1l. V\u00fdvoj odd\u00edlu a\u017e do dne\u0161n\u00edho \u010dasu je lemov\u00e1n mnoha osobn\u00edmi \u00fasp\u011bchy jednotliv\u00fdch \u010dlen\u016f. Mezi n\u011b pat\u0159\u00ed i \u00fasp\u011b\u0161n\u00e1 p\u0159ekon\u00e1n\u00ed \u00fa\u017einy La Manche Richardem Haanem, Petrem Miholou a Honzou P\u0159\u00edborsk\u00fdm. \u00dasp\u011b\u0161n\u011b La Manche zdolali tak\u00e9 na\u0161i pozd\u011bj\u0161\u00ed \u010dlenov\u00e9 Jozef Lendack\u00fd (2004), Ivan Gazd\u00edk (2010) a Michal Slanina (2019). V odd\u00edle p\u016fsobil i \u010desk\u00fd rekordman. Dne 14. 8. 2009 p\u0159ekonal ob\u00e1vanou \u00fa\u017einu plavec Komety Brno Rostislav V\u00edtek v \u010dase 7:16:25 hodiny. V doprovodn\u00e9m t\u00fdmu m\u011bl tehdy Petra a V\u00e1clava Miholovy z na\u0161eho odd\u00edlu.<\/p>\n<p>Mezi \u010dleny odd\u00edlu jsou v\u00edt\u011bzov\u00e9 \u010cesk\u00e9ho poh\u00e1ru zimn\u00edho plav\u00e1n\u00ed a dr\u017eitel\u00e9 \u0159ady medail\u00ed z Mistrovstv\u00ed \u010cesk\u00e9 republiky (viz <a href=\"http:\/\/www.otuzilci-brno.cz\/?page_id=550\">podrobn\u00e1 statistika<\/a>).<\/p>\n<p>V zimn\u00ed sez\u00f3n\u011b se v\u011bnujeme zimn\u00edmu plav\u00e1n\u00ed, v letn\u00edch m\u011bs\u00edc\u00edch se \u00fa\u010dastn\u00edme z\u00e1vod\u016f d\u00e1lkov\u00e9ho plav\u00e1n\u00ed. Postupn\u011b n\u011bkte\u0159\u00ed z p\u016fvodn\u00edch \u010dlen\u016f ode\u0161li, ale zejm\u00e9na d\u00edky akvizi\u010dn\u00edm schopnostem Petra Miholy jsme mnoho nov\u00fdch plavc\u016f a plavky\u0148 z\u00edskali.<\/p>\n<p>N\u00e1\u0161 odd\u00edl vznikl d\u00edky \u201eexpedi\u010dn\u00ed plavb\u011b\u201c. P\u0159i snaze o udr\u017een\u00ed tradice se n\u00e1m v letn\u00edch m\u011bs\u00edc\u00edch postupn\u011b poda\u0159ilo realizovat n\u011bkolik s\u00f3lov\u00fdch p\u0159eplaveb kan\u00e1lu La Manche, v\u010detn\u011b jedn\u00e9 \u0161tafetov\u00e9. Opakovan\u011b jsme se tak\u00e9 \u00fa\u010dastnili z\u00e1vodu Rapperswill \u2013 Curych ve \u0160v\u00fdcarsku. Rovn\u011b\u017e jsme p\u016fsobili u \u010desk\u00e9 reprezentace na z\u00e1vodech Sv\u011btov\u00e9ho a Evropsk\u00e9ho poh\u00e1ru (Srbsko, Braz\u00edlie, Nizozemsko).<\/p>\n<p>Dosud nep\u0159ekonan\u00fdm vrcholem na\u0161ich expedi\u010dn\u00edch snah zat\u00edm z\u016fst\u00e1v\u00e1 trojit\u00e1 p\u0159eplavba sv\u011btozn\u00e1m\u00e9ho jezera Loch Ness ve Skotsku v z\u00e1\u0159\u00ed 2008, non stop a v \u010dase 42 hodin a t\u0159i minuty. V b\u0159eznu roku 2014 se deset na\u0161ich plavc\u016f z\u00fa\u010dastnilo sv\u011btov\u00e9ho mistrovstv\u00ed v zimn\u00edm plav\u00e1n\u00ed v Rovaniemi (FIN). S konkurenc\u00ed dal\u0161\u00edch 41 st\u00e1t\u016f jsme z\u00edskali p\u011bt medail\u00ed, v\u010detn\u011b zlat\u00e9 za absolutn\u00ed prvenstv\u00ed v \u017eensk\u00e9 kategorii (Magda Okurkov\u00e1 vyhr\u00e1la 20. b\u0159ezna z\u00e1vod na 450 metr\u016f v nejrychlej\u0161\u00edm \u017eensk\u00e9m \u010dase mistrovstv\u00ed 6:26,31 min). Teplota vody v ledov\u00e9m baz\u00e9nu na \u0159ece Kemijoki byla -0,5\u00b0C.<\/p>\n<p>V\u00fdznamn\u00fdm zp\u016fsobem se odd\u00edl zapojil do celosv\u011btov\u00e9 akce \u201eLedov\u00e1 m\u00edle\u201c. B\u011bhem sez\u00f3ny 2014\/15 a v&nbsp;pr\u016fb\u011bhu dal\u0161\u00edch let p\u0159ekonalo vzd\u00e1lenost anglick\u00e9 m\u00edle (1609 metr\u016f) ve vod\u011b o teplot\u011b pod 5\u00b0C hned deset na\u0161ich plavc\u016f. Na\u0161i \u010dlenov\u00e9 Rostislav V\u00edtek a Magda Okurkov\u00e1 dokonce byli dr\u017eiteli sv\u011btov\u00e9ho rekordu v t\u00e9to extr\u00e9mn\u00ed discipl\u00edn\u011b.<\/p>\n<p>P\u0159i pravideln\u00fdch \u00fa\u010dastech na mistrovstv\u00edch sv\u011bta \u010dlenov\u00e9 odd\u00edlu vybojovali ji\u017e 85 medail\u00ed. Po lednov\u00e9m mistrovstv\u00ed sv\u011bta na Bledu ji\u017e m\u00e1me deset mistr\u016f sv\u011bta.<\/p>\n","protected":false},"excerpt":{"rendered":"<p>Jak vznikl odd\u00edl Fides &#8230; a stru\u010dn\u00fd popis jeho cesty do dne\u0161n\u00edch \u010das\u016f U zrodu odd\u00edlu byla \u00fasp\u011b\u0161n\u00e1 spolupr\u00e1ce d\u00e1lkov\u00fdch plavc\u016f a otu\u017eilc\u016f Richarda Haana a Petra Miholy s veden\u00edm spole\u010dnosti Trade Fides p\u0159i zdol\u00e1n\u00ed Gibraltarsk\u00e9ho pr\u016flivu na konci uplynul\u00e9ho tis\u00edcilet\u00ed v srpnu roku 2000. T\u011blov\u00fdchovn\u00e1 jednota Fides Brno byla zalo\u017eena a registrov\u00e1na 23. srpna &hellip; <a href=\"https:\/\/www.otuzilci-brno.cz\/?page_id=24\" class=\"more-link\">Pokra\u010dovat ve \u010dten\u00ed<span class=\"screen-reader-text\"> &#8222;Historie odd\u00edlu&#8220;<\/span><\/a><\/p>\n","protected":false},"author":1,"featured_media":0,"parent":22,"menu_order":0,"comment_status":"closed","ping_status":"open","template":"","meta":{"ngg_post_thumbnail":0,"footnotes":""},"class_list":["post-24","page","type-page","status-publish","hentry"],"_links":{"self":[{"href":"https:\/\/www.otuzilci-brno.cz\/index.php?rest_route=\/wp\/v2\/pages\/24","targetHints":{"allow":["GET"]}}],"collection":[{"href":"https:\/\/www.otuzilci-brno.cz\/index.php?rest_route=\/wp\/v2\/pages"}],"about":[{"href":"https:\/\/www.otuzilci-brno.cz\/index.php?rest_route=\/wp\/v2\/types\/page"}],"author":[{"embeddable":true,"href":"https:\/\/www.otuzilci-brno.cz\/index.php?rest_route=\/wp\/v2\/users\/1"}],"replies":[{"embeddable":true,"href":"https:\/\/www.otuzilci-brno.cz\/index.php?rest_route=%2Fwp%2Fv2%2Fcomments&post=24"}],"version-history":[{"count":8,"href":"https:\/\/www.otuzilci-brno.cz\/index.php?rest_route=\/wp\/v2\/pages\/24\/revisions"}],"predecessor-version":[{"id":7144,"href":"https:\/\/www.otuzilci-brno.cz\/index.php?rest_route=\/wp\/v2\/pages\/24\/revisions\/7144"}],"up":[{"embeddable":true,"href":"https:\/\/www.otuzilci-brno.cz\/index.php?rest_route=\/wp\/v2\/pages\/22"}],"wp:attachment":[{"href":"https:\/\/www.otuzilci-brno.cz\/index.php?rest_route=%2Fwp%2Fv2%2Fmedia&parent=24"}],"curies":[{"name":"wp","href":"https:\/\/api.w.org\/{rel}","templated":true}]}}