{"id":2646,"date":"2016-11-20T08:05:48","date_gmt":"2016-11-20T07:05:48","guid":{"rendered":"http:\/\/www.otuzilci-brno.cz\/?page_id=2646"},"modified":"2019-03-30T09:02:51","modified_gmt":"2019-03-30T08:02:51","slug":"19-11-2016-o-ledovo-capo-boba-pacla","status":"publish","type":"page","link":"https:\/\/www.otuzilci-brno.cz\/?page_id=2646","title":{"rendered":"19.11. 2016 &#8211; O ledov\u00f3 \u010dapo Boba P\u00e1cla"},"content":{"rendered":"<p>Z\u00e1vod v zimn\u00edm plav\u00e1n\u00ed<\/p>\n<p><!--more--><\/p>\n<h4>\u00a9Foto:\u00a0Dalimil Marek<\/h4>\n<div class=\"flickr-justified-gallery-error\"><span style=\"color:red\">Flickr API error: <\/span><span class=\"flickr-justified-gallery-error-msg\">Invalid API Key (Key has invalid format)<\/span><\/div>\n","protected":false},"excerpt":{"rendered":"<p>Z\u00e1vod v zimn\u00edm plav\u00e1n\u00ed<\/p>\n","protected":false},"author":1,"featured_media":2649,"parent":238,"menu_order":60,"comment_status":"closed","ping_status":"closed","template":"","meta":{"ngg_post_thumbnail":0,"footnotes":""},"class_list":["post-2646","page","type-page","status-publish","has-post-thumbnail","hentry"],"_links":{"self":[{"href":"https:\/\/www.otuzilci-brno.cz\/index.php?rest_route=\/wp\/v2\/pages\/2646","targetHints":{"allow":["GET"]}}],"collection":[{"href":"https:\/\/www.otuzilci-brno.cz\/index.php?rest_route=\/wp\/v2\/pages"}],"about":[{"href":"https:\/\/www.otuzilci-brno.cz\/index.php?rest_route=\/wp\/v2\/types\/page"}],"author":[{"embeddable":true,"href":"https:\/\/www.otuzilci-brno.cz\/index.php?rest_route=\/wp\/v2\/users\/1"}],"replies":[{"embeddable":true,"href":"https:\/\/www.otuzilci-brno.cz\/index.php?rest_route=%2Fwp%2Fv2%2Fcomments&post=2646"}],"version-history":[{"count":1,"href":"https:\/\/www.otuzilci-brno.cz\/index.php?rest_route=\/wp\/v2\/pages\/2646\/revisions"}],"predecessor-version":[{"id":2647,"href":"https:\/\/www.otuzilci-brno.cz\/index.php?rest_route=\/wp\/v2\/pages\/2646\/revisions\/2647"}],"up":[{"embeddable":true,"href":"https:\/\/www.otuzilci-brno.cz\/index.php?rest_route=\/wp\/v2\/pages\/238"}],"wp:featuredmedia":[{"embeddable":true,"href":"https:\/\/www.otuzilci-brno.cz\/index.php?rest_route=\/wp\/v2\/media\/2649"}],"wp:attachment":[{"href":"https:\/\/www.otuzilci-brno.cz\/index.php?rest_route=%2Fwp%2Fv2%2Fmedia&parent=2646"}],"curies":[{"name":"wp","href":"https:\/\/api.w.org\/{rel}","templated":true}]}}