{"id":2708,"date":"2016-12-30T08:47:05","date_gmt":"2016-12-30T07:47:05","guid":{"rendered":"http:\/\/www.otuzilci-brno.cz\/?page_id=2708"},"modified":"2019-03-30T09:02:51","modified_gmt":"2019-03-30T08:02:51","slug":"24-12-2016-vanocni-koupani-v-lomu-v-blansku","status":"publish","type":"page","link":"https:\/\/www.otuzilci-brno.cz\/?page_id=2708","title":{"rendered":"24.12.2016 &#8211; V\u00e1no\u010dn\u00ed koup\u00e1n\u00ed v lomu v Blansku"},"content":{"rendered":"<p>Otu\u017eileck\u00e9 koup\u00e1n\u00ed<\/p>\n<p><!--more--><\/p>\n<h4>\u00a9Foto:\u00a0Dalimil Marek<\/h4>\n<div class=\"flickr-justified-gallery-error\"><span style=\"color:red\">Flickr API error: <\/span><span class=\"flickr-justified-gallery-error-msg\">Invalid API Key (Key has invalid format)<\/span><\/div>\n","protected":false},"excerpt":{"rendered":"<p>Otu\u017eileck\u00e9 koup\u00e1n\u00ed<\/p>\n","protected":false},"author":1,"featured_media":2710,"parent":238,"menu_order":56,"comment_status":"closed","ping_status":"closed","template":"","meta":{"ngg_post_thumbnail":0,"footnotes":""},"class_list":["post-2708","page","type-page","status-publish","has-post-thumbnail","hentry"],"_links":{"self":[{"href":"https:\/\/www.otuzilci-brno.cz\/index.php?rest_route=\/wp\/v2\/pages\/2708","targetHints":{"allow":["GET"]}}],"collection":[{"href":"https:\/\/www.otuzilci-brno.cz\/index.php?rest_route=\/wp\/v2\/pages"}],"about":[{"href":"https:\/\/www.otuzilci-brno.cz\/index.php?rest_route=\/wp\/v2\/types\/page"}],"author":[{"embeddable":true,"href":"https:\/\/www.otuzilci-brno.cz\/index.php?rest_route=\/wp\/v2\/users\/1"}],"replies":[{"embeddable":true,"href":"https:\/\/www.otuzilci-brno.cz\/index.php?rest_route=%2Fwp%2Fv2%2Fcomments&post=2708"}],"version-history":[{"count":1,"href":"https:\/\/www.otuzilci-brno.cz\/index.php?rest_route=\/wp\/v2\/pages\/2708\/revisions"}],"predecessor-version":[{"id":2709,"href":"https:\/\/www.otuzilci-brno.cz\/index.php?rest_route=\/wp\/v2\/pages\/2708\/revisions\/2709"}],"up":[{"embeddable":true,"href":"https:\/\/www.otuzilci-brno.cz\/index.php?rest_route=\/wp\/v2\/pages\/238"}],"wp:featuredmedia":[{"embeddable":true,"href":"https:\/\/www.otuzilci-brno.cz\/index.php?rest_route=\/wp\/v2\/media\/2710"}],"wp:attachment":[{"href":"https:\/\/www.otuzilci-brno.cz\/index.php?rest_route=%2Fwp%2Fv2%2Fmedia&parent=2708"}],"curies":[{"name":"wp","href":"https:\/\/api.w.org\/{rel}","templated":true}]}}