{"id":2754,"date":"2017-02-07T09:21:00","date_gmt":"2017-02-07T08:21:00","guid":{"rendered":"http:\/\/www.otuzilci-brno.cz\/?page_id=2754"},"modified":"2019-03-30T09:02:51","modified_gmt":"2019-03-30T08:02:51","slug":"24-12-2016-vanocni-koupani-v-jihlavce","status":"publish","type":"page","link":"https:\/\/www.otuzilci-brno.cz\/?page_id=2754","title":{"rendered":"24.12.2016 &#8211; V\u00e1no\u010dn\u00ed koup\u00e1n\u00ed v Jihlavce"},"content":{"rendered":"<p>V\u00e1no\u010dn\u00ed koup\u00e1n\u00ed<\/p>\n<p><!--more--><\/p>\n<h4>\u00a9Foto:\u00a0Chrudo\u0161 Tvrd\u00fd<\/h4>\n<div class=\"flickr-justified-gallery-error\"><span style=\"color:red\">Flickr API error: <\/span><span class=\"flickr-justified-gallery-error-msg\">Invalid API Key (Key has invalid format)<\/span><\/div>\n","protected":false},"excerpt":{"rendered":"<p>V\u00e1no\u010dn\u00ed koup\u00e1n\u00ed<\/p>\n","protected":false},"author":1,"featured_media":2757,"parent":238,"menu_order":53,"comment_status":"closed","ping_status":"closed","template":"","meta":{"ngg_post_thumbnail":0,"footnotes":""},"class_list":["post-2754","page","type-page","status-publish","has-post-thumbnail","hentry"],"_links":{"self":[{"href":"https:\/\/www.otuzilci-brno.cz\/index.php?rest_route=\/wp\/v2\/pages\/2754","targetHints":{"allow":["GET"]}}],"collection":[{"href":"https:\/\/www.otuzilci-brno.cz\/index.php?rest_route=\/wp\/v2\/pages"}],"about":[{"href":"https:\/\/www.otuzilci-brno.cz\/index.php?rest_route=\/wp\/v2\/types\/page"}],"author":[{"embeddable":true,"href":"https:\/\/www.otuzilci-brno.cz\/index.php?rest_route=\/wp\/v2\/users\/1"}],"replies":[{"embeddable":true,"href":"https:\/\/www.otuzilci-brno.cz\/index.php?rest_route=%2Fwp%2Fv2%2Fcomments&post=2754"}],"version-history":[{"count":1,"href":"https:\/\/www.otuzilci-brno.cz\/index.php?rest_route=\/wp\/v2\/pages\/2754\/revisions"}],"predecessor-version":[{"id":2755,"href":"https:\/\/www.otuzilci-brno.cz\/index.php?rest_route=\/wp\/v2\/pages\/2754\/revisions\/2755"}],"up":[{"embeddable":true,"href":"https:\/\/www.otuzilci-brno.cz\/index.php?rest_route=\/wp\/v2\/pages\/238"}],"wp:featuredmedia":[{"embeddable":true,"href":"https:\/\/www.otuzilci-brno.cz\/index.php?rest_route=\/wp\/v2\/media\/2757"}],"wp:attachment":[{"href":"https:\/\/www.otuzilci-brno.cz\/index.php?rest_route=%2Fwp%2Fv2%2Fmedia&parent=2754"}],"curies":[{"name":"wp","href":"https:\/\/api.w.org\/{rel}","templated":true}]}}