{"id":2792,"date":"2017-03-05T09:03:03","date_gmt":"2017-03-05T08:03:03","guid":{"rendered":"http:\/\/www.otuzilci-brno.cz\/?page_id=2792"},"modified":"2019-03-30T09:02:50","modified_gmt":"2019-03-30T08:02:50","slug":"4-3-2017-mistrovstvi-cr-v-prsarskem-zpusobu-praha","status":"publish","type":"page","link":"https:\/\/www.otuzilci-brno.cz\/?page_id=2792","title":{"rendered":"4.3.2017 Mistrovstv\u00ed \u010cR v prsa\u0159sk\u00e9m zp\u016fsobu, Praha"},"content":{"rendered":"<p>Mistrovstv\u00ed \u010cR v prsa\u0159sk\u00e9m zp\u016fsobu<\/p>\n<p><!--more--><\/p>\n<h4>\u00a9Foto: Radom\u00edr Kure\u010dka<\/h4>\n<div class=\"flickr-justified-gallery-error\"><span style=\"color:red\">Flickr API error: <\/span><span class=\"flickr-justified-gallery-error-msg\">Invalid API Key (Key has invalid format)<\/span><\/div>\n<h4>\u00a9Foto:\u00a0Dalimil Marek<\/h4>\n<div class=\"flickr-justified-gallery-error\"><span style=\"color:red\">Flickr API error: <\/span><span class=\"flickr-justified-gallery-error-msg\">Invalid API Key (Key has invalid format)<\/span><\/div>\n","protected":false},"excerpt":{"rendered":"<p>Mistrovstv\u00ed \u010cR v prsa\u0159sk\u00e9m zp\u016fsobu<\/p>\n","protected":false},"author":1,"featured_media":2796,"parent":238,"menu_order":45,"comment_status":"closed","ping_status":"closed","template":"","meta":{"ngg_post_thumbnail":0,"footnotes":""},"class_list":["post-2792","page","type-page","status-publish","has-post-thumbnail","hentry"],"_links":{"self":[{"href":"https:\/\/www.otuzilci-brno.cz\/index.php?rest_route=\/wp\/v2\/pages\/2792","targetHints":{"allow":["GET"]}}],"collection":[{"href":"https:\/\/www.otuzilci-brno.cz\/index.php?rest_route=\/wp\/v2\/pages"}],"about":[{"href":"https:\/\/www.otuzilci-brno.cz\/index.php?rest_route=\/wp\/v2\/types\/page"}],"author":[{"embeddable":true,"href":"https:\/\/www.otuzilci-brno.cz\/index.php?rest_route=\/wp\/v2\/users\/1"}],"replies":[{"embeddable":true,"href":"https:\/\/www.otuzilci-brno.cz\/index.php?rest_route=%2Fwp%2Fv2%2Fcomments&post=2792"}],"version-history":[{"count":5,"href":"https:\/\/www.otuzilci-brno.cz\/index.php?rest_route=\/wp\/v2\/pages\/2792\/revisions"}],"predecessor-version":[{"id":2799,"href":"https:\/\/www.otuzilci-brno.cz\/index.php?rest_route=\/wp\/v2\/pages\/2792\/revisions\/2799"}],"up":[{"embeddable":true,"href":"https:\/\/www.otuzilci-brno.cz\/index.php?rest_route=\/wp\/v2\/pages\/238"}],"wp:featuredmedia":[{"embeddable":true,"href":"https:\/\/www.otuzilci-brno.cz\/index.php?rest_route=\/wp\/v2\/media\/2796"}],"wp:attachment":[{"href":"https:\/\/www.otuzilci-brno.cz\/index.php?rest_route=%2Fwp%2Fv2%2Fmedia&parent=2792"}],"curies":[{"name":"wp","href":"https:\/\/api.w.org\/{rel}","templated":true}]}}