{"id":28,"date":"2013-12-03T11:56:41","date_gmt":"2013-12-03T11:56:41","guid":{"rendered":"http:\/\/www.otuzilci-brno.cz\/?page_id=28"},"modified":"2022-06-10T08:42:04","modified_gmt":"2022-06-10T06:42:04","slug":"uspechy","status":"publish","type":"page","link":"https:\/\/www.otuzilci-brno.cz\/?page_id=28","title":{"rendered":"\u00dasp\u011bchy"},"content":{"rendered":"<h3 class=\"title\">V\u00fdsledky prob\u00edhaj\u00edc\u00ed zimn\u00ed sez\u00f3ny<\/h3>\n<p style=\"padding-left: 30px;\">Aktu\u00e1ln\u00ed i historick\u00e9 v\u00fdsledky klubu FIDES Brno a na\u0161ich plavc\u016f v \u010cesk\u00e9m poh\u00e1ru zimn\u00edho plav\u00e1n\u00ed lze sledovat na webu Bodov\u00e1n\u00ed zimn\u00edho plav\u00e1n\u00ed<br \/>\n<a href=\"http:\/\/bodovani.zimni-plavani.info\">bodovani.zimni-plavani.info<\/a><\/p>\n<h3 class=\"title\">Sez\u00f3na 2017\/2018<\/h3>\n<p style=\"padding-left: 30px;\">M\u010cR &#8211; 11x zlato, &nbsp;6x st\u0159\u00edbro, &nbsp;6x bronz<\/p>\n<h3 class=\"title\">Sez\u00f3na 2016\/2017<\/h3>\n<p style=\"padding-left: 30px;\">M\u010cR &#8211; 14x zlato, 10x st\u0159\u00edbro, 4x bronz<\/p>\n<h3 class=\"title\">Sez\u00f3na 2015\/2016<\/h3>\n<p style=\"padding-left: 30px;\">1. m\u00edsto v \u010cesk\u00e9m poh\u00e1ru zimn\u00edho plav\u00e1n\u00ed<\/p>\n<p style=\"padding-left: 30px;\">M\u010cR &#8211; 10x zlato,&nbsp; 2x st\u0159\u00edbro,&nbsp; 8x bronz<\/p>\n<p style=\"padding-left: 30px;\">\u010cesk\u00fd poh\u00e1r v zimn\u00edm plav\u00e1n\u00ed &#8211; jednotlivci: 6x v\u00edt\u011bz, 3x druh\u00e9 m\u00edsto, 3x t\u0159et\u00ed m\u00edsto<\/p>\n<p style=\"padding-left: 30px;\">P\u0159ekon\u00e1n\u00ed Gibraltarsk\u00e9ho pr\u016flivu: Magda Okurkov\u00e1, Richard Ny\u00e1ry, Ondrej P\u00e9k, Dezider P\u00e9k<\/p>\n<h3 class=\"title\">Sez\u00f3na 2014\/2015<\/h3>\n<p style=\"padding-left: 30px;\">1. m\u00edsto v \u010cesk\u00e9m poh\u00e1ru zimn\u00edho plav\u00e1n\u00ed<\/p>\n<p style=\"padding-left: 30px;\">M\u010cR &#8211; 10x zlato, 9x st\u0159\u00edbro, 9x bronz<\/p>\n<p style=\"padding-left: 30px;\">\u010cesk\u00fd poh\u00e1r v zimn\u00edm plav\u00e1n\u00ed &#8211; jednotlivci: 3x v\u00edt\u011bz, 7x druh\u00e9 m\u00edsto, 4x t\u0159et\u00ed m\u00edsto<\/p>\n<p style=\"padding-left: 30px;\"><a href=\"http:\/\/www.internationaliceswimming.com\/\">Ledov\u00e1 m\u00edle<\/a>: Rostislav V\u00edtek &#8211; sv\u011btov\u00fd rekord: 20:29,2, Magda Okurkov\u00e1 &#8211; sv\u011btov\u00fd \u017eensk\u00fd rekord 24:05, Petr Mihola, Jakub Ha\u0161ek,&nbsp;Dezider P\u00e9k, Ondrej P\u00e9k<\/p>\n<h3 class=\"title\">Sez\u00f3na 2013\/2014<\/h3>\n<p style=\"padding-left: 30px;\">1. m\u00edsto v \u010cesk\u00e9m poh\u00e1ru zimn\u00edho plav\u00e1n\u00ed<\/p>\n<p style=\"padding-left: 30px;\">M\u010cR &#8211; 13x zlato, 7x st\u0159\u00edbro, 3x bronz<\/p>\n<p style=\"padding-left: 30px;\">Mistrovstv\u00ed sv\u011bta &#8211; 1x zlato, 3x st\u0159\u00edbro, 1x bronz<\/p>\n<p style=\"padding-left: 30px;\">\u010cesk\u00fd poh\u00e1r v zimn\u00edm plav\u00e1n\u00ed &#8211; jednotlivci: 4x v\u00edt\u011bz, 6x druh\u00e9 m\u00edsto, 3x t\u0159et\u00ed m\u00edsto<\/p>\n<h3 class=\"title\">Sez\u00f3na 2012\/2013<\/h3>\n<p style=\"padding-left: 30px;\">1. m\u00edsto v \u010cesk\u00e9m poh\u00e1ru zimn\u00edho plav\u00e1n\u00ed<\/p>\n<p style=\"padding-left: 30px;\">M\u010cR &#8211; 11x zlato, 6x st\u0159\u00edbro, 5x bronz<\/p>\n<p style=\"padding-left: 30px;\">\u010cesk\u00fd poh\u00e1r v zimn\u00edm plav\u00e1n\u00ed &#8211; jednotlivci: 5x v\u00edt\u011bz, 5x druh\u00e9 m\u00edsto, 4x t\u0159et\u00ed m\u00edsto<\/p>\n<h3 class=\"title\">&nbsp;Sez\u00f3na 2011\/2012<\/h3>\n<p style=\"padding-left: 30px;\">1. m\u00edsto v \u010cesk\u00e9m poh\u00e1ru zimn\u00edho plav\u00e1n\u00ed<\/p>\n<p style=\"padding-left: 30px;\">M\u010cR &#8211; 11x zlato, 8x st\u0159\u00edbro, 2x bronz<\/p>\n<p style=\"padding-left: 30px;\">\u010cesk\u00fd poh\u00e1r v zimn\u00edm plav\u00e1n\u00ed &#8211; jednotlivci: 7x v\u00edt\u011bz, 3x druh\u00e9 m\u00edsto, 3x t\u0159et\u00ed m\u00edsto<\/p>\n<h3 class=\"title\">Sez\u00f3na 2010\/2011<\/h3>\n<p style=\"padding-left: 30px;\">1. m\u00edsto v \u010cesk\u00e9m poh\u00e1ru zimn\u00edho plav\u00e1n\u00ed<\/p>\n<p style=\"padding-left: 30px;\">M\u010cR &#8211; 10x zlato, 7x st\u0159\u00edbro, 5x bronz<\/p>\n<p style=\"padding-left: 30px;\">\u010cesk\u00fd poh\u00e1r v zimn\u00edm plav\u00e1n\u00ed &#8211; jednotlivci: 1x v\u00edt\u011bz, 5x druh\u00e9 m\u00edsto, 1x t\u0159et\u00ed m\u00edsto<\/p>\n<h3 class=\"title\">Sez\u00f3na 2009\/2010<\/h3>\n<p style=\"padding-left: 30px;\">1. m\u00edsto v \u010cesk\u00e9m poh\u00e1ru zimn\u00edho plav\u00e1n\u00ed<\/p>\n<p style=\"padding-left: 30px;\">M\u010cR &#8211; 9x zlato, 9x st\u0159\u00edbro, 9x bronz<\/p>\n<p style=\"padding-left: 30px;\">\u010cesk\u00fd poh\u00e1r v zimn\u00edm plav\u00e1n\u00ed &#8211; jednotlivci: 4x v\u00edt\u011bz, 3x druh\u00e9 m\u00edsto, 2x t\u0159et\u00ed m\u00edsto<\/p>\n<h3 class=\"title\">Sez\u00f3na 2008\/2009<\/h3>\n<p style=\"padding-left: 30px;\">1. m\u00edsto v \u010cesk\u00e9m poh\u00e1ru zimn\u00edho plav\u00e1n\u00ed<\/p>\n<p style=\"padding-left: 30px;\">M\u010cR &#8211; 8x zlato, 9x st\u0159\u00edbro, 5x bronz<\/p>\n<p style=\"padding-left: 30px;\">\u010cesk\u00fd poh\u00e1r v zimn\u00edm plav\u00e1n\u00ed &#8211; jednotlivci: 3x v\u00edt\u011bz, 2x druh\u00e9 m\u00edsto, 5x t\u0159et\u00ed m\u00edsto<\/p>\n<h3 class=\"title\">Sez\u00f3na 2007\/2008<\/h3>\n<p style=\"padding-left: 30px;\">1. m\u00edsto v \u010cesk\u00e9m poh\u00e1ru zimn\u00edho plav\u00e1n\u00ed<\/p>\n<p style=\"padding-left: 30px;\">M\u010cR &#8211; 10x zlato, 11x st\u0159\u00edbro, 2x bronz<\/p>\n<p style=\"padding-left: 30px;\">\u010cesk\u00fd poh\u00e1r v zimn\u00edm plav\u00e1n\u00ed &#8211; jednotlivci: 5x v\u00edt\u011bz, 4x druh\u00e9 m\u00edsto, 2x t\u0159et\u00ed m\u00edsto<\/p>\n<h3 class=\"title\">Sez\u00f3na 2006\/2007<\/h3>\n<p style=\"padding-left: 30px;\">1. m\u00edsto v \u010cesk\u00e9m poh\u00e1ru zimn\u00edho plav\u00e1n\u00ed<\/p>\n<p style=\"padding-left: 30px;\">M\u010cR &#8211; 11x zlato, 8x st\u0159\u00edbro, 8x bronz<\/p>\n<p style=\"padding-left: 30px;\">\u010cesk\u00fd poh\u00e1r v zimn\u00edm plav\u00e1n\u00ed &#8211; jednotlivci: 4x v\u00edt\u011bz, 3x druh\u00e9 m\u00edsto, 1x t\u0159et\u00ed m\u00edsto<\/p>\n<p style=\"padding-left: 30px;\">Expedi\u010dn\u00ed plavba Rapperswill &#8211; Z\u00fcrich<\/p>\n<h3 class=\"title\">Sez\u00f3na 2005\/2006<\/h3>\n<p style=\"padding-left: 30px;\">1. m\u00edsto v \u010cesk\u00e9m poh\u00e1ru zimn\u00edho plav\u00e1n\u00ed<\/p>\n<p style=\"padding-left: 30px;\">M\u010cR &#8211; 8x zlato, 7x st\u0159\u00edbro, 2x bronz<\/p>\n<p style=\"padding-left: 30px;\">\u010cesk\u00fd poh\u00e1r v zimn\u00edm plav\u00e1n\u00ed &#8211; jednotlivci: 2x v\u00edt\u011bz, 2x druh\u00e9 m\u00edsto<\/p>\n<p style=\"padding-left: 30px;\">P\u0159ekon\u00e1n\u00ed kan\u00e1lu La Manche Petrem Miholou<\/p>\n<h3 class=\"title\">Sez\u00f3na 2004\/2005<\/h3>\n<p style=\"padding-left: 30px;\">1. m\u00edsto v \u010cesk\u00e9m poh\u00e1ru zimn\u00edho plav\u00e1n\u00ed<\/p>\n<p style=\"padding-left: 30px;\">M\u010cR &#8211; 5x zlato, 5x st\u0159\u00edbro, 3x bronz<\/p>\n<p style=\"padding-left: 30px;\">\u010cesk\u00fd poh\u00e1r v zimn\u00edm plav\u00e1n\u00ed &#8211; jednotlivci: 4x v\u00edt\u011bz, 2x t\u0159et\u00ed m\u00edsto<\/p>\n<p style=\"padding-left: 30px;\">P\u0159ekon\u00e1n\u00ed kan\u00e1lu La Manche Richardem Haanem<\/p>\n<p style=\"padding-left: 30px;\">Expedi\u010dn\u00ed plavba Rapperswill &#8211; Z\u00fcrich<\/p>\n<h3 class=\"title\">Sez\u00f3na 2003\/2004<\/h3>\n<p style=\"padding-left: 30px;\">1. m\u00edsto v \u010cesk\u00e9m poh\u00e1ru zimn\u00edho plav\u00e1n\u00ed<\/p>\n<p style=\"padding-left: 30px;\">M\u010cR &#8211; 4x zlato, 1x st\u0159\u00edbro, 2x bronz<\/p>\n<p style=\"padding-left: 30px;\">\u010cesk\u00fd poh\u00e1r v zimn\u00edm plav\u00e1n\u00ed &#8211; jednotlivci: 1x v\u00edt\u011bz, 2x druh\u00e9 m\u00edsto, 1x t\u0159et\u00ed m\u00edsto<\/p>\n<p style=\"padding-left: 30px;\">P\u0159ekon\u00e1n\u00ed kan\u00e1lu La Manche Honzou P\u0159\u00edborsk\u00fdm<\/p>\n<p style=\"padding-left: 30px;\">Expedi\u010dn\u00ed plavba Rapperswill &#8211; Z\u00fcrich<\/p>\n<p style=\"padding-left: 30px;\">P\u0159ekon\u00e1n\u00ed kan\u00e1lu La Manche Jo\u017ekou Lendack\u00fdm (v t\u00e9 dob\u011b nen\u00ed je\u0161t\u011b na\u0161\u00edm \u010dlenem)<\/p>\n<h3 class=\"title\">Sez\u00f3na 2002\/2003<\/h3>\n<p style=\"padding-left: 30px;\">1. m\u00edsto v \u010cesk\u00e9m poh\u00e1ru zimn\u00edho plav\u00e1n\u00ed<\/p>\n<p style=\"padding-left: 30px;\">M\u010cR &#8211; 5x zlato, 2x st\u0159\u00edbro, 4x bronz<\/p>\n<p style=\"padding-left: 30px;\">\u010cesk\u00fd poh\u00e1r v zimn\u00edm plav\u00e1n\u00ed &#8211; jednotlivci: 2x v\u00edt\u011bz, 1x druh\u00e9 m\u00edsto, 1x t\u0159et\u00ed m\u00edsto<\/p>\n<p style=\"padding-left: 30px;\">P\u0159ekon\u00e1n\u00ed kan\u00e1lu La Manche Honzou P\u0159\u00edborsk\u00fdm<\/p>\n<h3 class=\"title\">Sez\u00f3na 2001\/2002<\/h3>\n<p style=\"padding-left: 30px;\">2. m\u00edsto v \u010cesk\u00e9m poh\u00e1ru zimn\u00edho plav\u00e1n\u00ed<\/p>\n<p style=\"padding-left: 30px;\">M\u010cR &#8211; 8x zlato, 1x st\u0159\u00edbro, 2x bronz<\/p>\n<p style=\"padding-left: 30px;\">\u010cesk\u00fd poh\u00e1r v zimn\u00edm plav\u00e1n\u00ed &#8211; jednotlivci: 4x v\u00edt\u011bz, 1x t\u0159et\u00ed m\u00edsto<\/p>\n<p style=\"padding-left: 30px;\">P\u0159ekon\u00e1n\u00ed kan\u00e1lu La Manche \u0161esti\u010dlennou \u0161tafetou ve slo\u017een\u00ed Petr Mihola, Pavel Kou\u0159il, Ji\u0159\u00ed Vale\u0161 s hosty Michalem \u0160pa\u010dkem a Michalem \u0160andou<\/p>\n<h3 class=\"title\">Sez\u00f3na 2000\/2001<\/h3>\n<p style=\"padding-left: 30px;\">6. m\u00edsto v \u010cesk\u00e9m poh\u00e1ru zimn\u00edho plav\u00e1n\u00ed<\/p>\n<p style=\"padding-left: 30px;\">M\u010cR &#8211; 1x zlato, 1x st\u0159\u00edbro, 1x bronz<\/p>\n<p style=\"padding-left: 30px;\">\u010cesk\u00fd poh\u00e1r v zimn\u00edm plav\u00e1n\u00ed &#8211; jednotlivci: 1x v\u00edt\u011bz, 1x t\u0159et\u00ed m\u00edsto<\/p>\n<h3 class=\"title\">Sez\u00f3na 1999\/2000<\/h3>\n<p style=\"padding-left: 30px;\">P\u0159ekon\u00e1n\u00ed Gibraltarsk\u00e9ho pr\u016flivu Richardem Haanem a Petrem Miholou<\/p>\n<p style=\"padding-left: 30px;\">Zalo\u017een\u00ed a registrace odd\u00edlu<\/p>\n","protected":false},"excerpt":{"rendered":"<p>V\u00fdsledky prob\u00edhaj\u00edc\u00ed zimn\u00ed sez\u00f3ny Aktu\u00e1ln\u00ed i historick\u00e9 v\u00fdsledky klubu FIDES Brno a na\u0161ich plavc\u016f v \u010cesk\u00e9m poh\u00e1ru zimn\u00edho plav\u00e1n\u00ed lze sledovat na webu Bodov\u00e1n\u00ed zimn\u00edho plav\u00e1n\u00ed bodovani.zimni-plavani.info Sez\u00f3na 2017\/2018 M\u010cR &#8211; 11x zlato, &nbsp;6x st\u0159\u00edbro, &nbsp;6x bronz Sez\u00f3na 2016\/2017 M\u010cR &#8211; 14x zlato, 10x st\u0159\u00edbro, 4x bronz Sez\u00f3na 2015\/2016 1. m\u00edsto v \u010cesk\u00e9m poh\u00e1ru zimn\u00edho &hellip; <a href=\"https:\/\/www.otuzilci-brno.cz\/?page_id=28\" class=\"more-link\">Pokra\u010dovat ve \u010dten\u00ed<span class=\"screen-reader-text\"> &#8222;\u00dasp\u011bchy&#8220;<\/span><\/a><\/p>\n","protected":false},"author":1,"featured_media":0,"parent":22,"menu_order":0,"comment_status":"closed","ping_status":"open","template":"","meta":{"ngg_post_thumbnail":0,"footnotes":""},"class_list":["post-28","page","type-page","status-publish","hentry"],"_links":{"self":[{"href":"https:\/\/www.otuzilci-brno.cz\/index.php?rest_route=\/wp\/v2\/pages\/28","targetHints":{"allow":["GET"]}}],"collection":[{"href":"https:\/\/www.otuzilci-brno.cz\/index.php?rest_route=\/wp\/v2\/pages"}],"about":[{"href":"https:\/\/www.otuzilci-brno.cz\/index.php?rest_route=\/wp\/v2\/types\/page"}],"author":[{"embeddable":true,"href":"https:\/\/www.otuzilci-brno.cz\/index.php?rest_route=\/wp\/v2\/users\/1"}],"replies":[{"embeddable":true,"href":"https:\/\/www.otuzilci-brno.cz\/index.php?rest_route=%2Fwp%2Fv2%2Fcomments&post=28"}],"version-history":[{"count":25,"href":"https:\/\/www.otuzilci-brno.cz\/index.php?rest_route=\/wp\/v2\/pages\/28\/revisions"}],"predecessor-version":[{"id":6627,"href":"https:\/\/www.otuzilci-brno.cz\/index.php?rest_route=\/wp\/v2\/pages\/28\/revisions\/6627"}],"up":[{"embeddable":true,"href":"https:\/\/www.otuzilci-brno.cz\/index.php?rest_route=\/wp\/v2\/pages\/22"}],"wp:attachment":[{"href":"https:\/\/www.otuzilci-brno.cz\/index.php?rest_route=%2Fwp%2Fv2%2Fmedia&parent=28"}],"curies":[{"name":"wp","href":"https:\/\/api.w.org\/{rel}","templated":true}]}}