{"id":3522,"date":"2019-03-30T09:02:34","date_gmt":"2019-03-30T08:02:34","guid":{"rendered":"http:\/\/www.otuzilci-brno.cz\/?page_id=3522"},"modified":"2019-03-30T09:02:36","modified_gmt":"2019-03-30T08:02:36","slug":"18-11-2017-o-ledovo-capo-boba-pacla-2-2-2-3-2-4-2-2-2-2-3-4-2-2-2-3","status":"publish","type":"page","link":"https:\/\/www.otuzilci-brno.cz\/?page_id=3522","title":{"rendered":"48. ro\u010dn\u00edk nap\u0159\u00ed\u010d Chocn\u00ed &#8211; 8.12.2018"},"content":{"rendered":"<p>Z\u00e1vod zimn\u00edho plav\u00e1n\u00ed.<\/p>\n<h4>\u00a9Foto:\u00a0Dalimil Marek<\/h4>\n<div class=\"flickr-justified-gallery-error\"><span style=\"color:red\">Flickr API error: <\/span><span class=\"flickr-justified-gallery-error-msg\">Invalid API Key (Key has invalid format)<\/span><\/div>\n","protected":false},"excerpt":{"rendered":"<p>Z\u00e1vod zimn\u00edho plav\u00e1n\u00ed. \u00a9Foto:\u00a0Dalimil Marek<\/p>\n","protected":false},"author":1,"featured_media":3524,"parent":238,"menu_order":1,"comment_status":"closed","ping_status":"closed","template":"","meta":{"ngg_post_thumbnail":0,"footnotes":""},"class_list":["post-3522","page","type-page","status-publish","has-post-thumbnail","hentry"],"_links":{"self":[{"href":"https:\/\/www.otuzilci-brno.cz\/index.php?rest_route=\/wp\/v2\/pages\/3522","targetHints":{"allow":["GET"]}}],"collection":[{"href":"https:\/\/www.otuzilci-brno.cz\/index.php?rest_route=\/wp\/v2\/pages"}],"about":[{"href":"https:\/\/www.otuzilci-brno.cz\/index.php?rest_route=\/wp\/v2\/types\/page"}],"author":[{"embeddable":true,"href":"https:\/\/www.otuzilci-brno.cz\/index.php?rest_route=\/wp\/v2\/users\/1"}],"replies":[{"embeddable":true,"href":"https:\/\/www.otuzilci-brno.cz\/index.php?rest_route=%2Fwp%2Fv2%2Fcomments&post=3522"}],"version-history":[{"count":1,"href":"https:\/\/www.otuzilci-brno.cz\/index.php?rest_route=\/wp\/v2\/pages\/3522\/revisions"}],"predecessor-version":[{"id":3523,"href":"https:\/\/www.otuzilci-brno.cz\/index.php?rest_route=\/wp\/v2\/pages\/3522\/revisions\/3523"}],"up":[{"embeddable":true,"href":"https:\/\/www.otuzilci-brno.cz\/index.php?rest_route=\/wp\/v2\/pages\/238"}],"wp:featuredmedia":[{"embeddable":true,"href":"https:\/\/www.otuzilci-brno.cz\/index.php?rest_route=\/wp\/v2\/media\/3524"}],"wp:attachment":[{"href":"https:\/\/www.otuzilci-brno.cz\/index.php?rest_route=%2Fwp%2Fv2%2Fmedia&parent=3522"}],"curies":[{"name":"wp","href":"https:\/\/api.w.org\/{rel}","templated":true}]}}