{"id":44,"date":"2013-12-03T11:59:30","date_gmt":"2013-12-03T11:59:30","guid":{"rendered":"http:\/\/www.otuzilci-brno.cz\/?page_id=44"},"modified":"2019-09-25T16:55:30","modified_gmt":"2019-09-25T14:55:30","slug":"kluby","status":"publish","type":"page","link":"https:\/\/www.otuzilci-brno.cz\/?page_id=44","title":{"rendered":"Kluby"},"content":{"rendered":"<ul>\n<li><a href=\"http:\/\/zimni-plavani.info\/\" target=\"_blank\" rel=\"noopener noreferrer\">Web zimn\u00edho plav\u00e1n\u00ed &#8211; www.zimni-plavani.info<\/a><\/li>\n<\/ul>\n<p>Kluby (v po\u0159ad\u00ed dle v\u00fdsledk\u016f \u010cesk\u00e9ho poh\u00e1ru v zimn\u00edm plav\u00e1n\u00ed 2012):<\/p>\n<ul>\n<li><a href=\"http:\/\/www.otuzilci-brno.cz\">FiBr \u2013 FIDES Brno<\/a><\/li>\n<li><a href=\"http:\/\/www.otuzilci-praha.cz\" target=\"_blank\" rel=\"noopener noreferrer\">I.PKO \u2013 I. Plaveck\u00fd klub otu\u017eilc\u016f Praha<\/a><\/li>\n<li><a href=\"http:\/\/www.sweb.cz\/otuzilci\" target=\"_blank\" rel=\"noopener noreferrer\">KSOPl \u2013 Klub sportovn\u00edch otu\u017eilc\u016f Plze\u0148<\/a><\/li>\n<li><a href=\"http:\/\/www.tjhana.info\" target=\"_blank\" rel=\"noopener noreferrer\">Han\u00e1 \u2013 Han\u00e1 Prost\u011bjov<\/a><\/li>\n<li><a href=\"http:\/\/www.otuzilci-jihlava.cz\" target=\"_blank\" rel=\"noopener noreferrer\">JPK \u2013 Jihlavsk\u00fd plaveck\u00fd klub AXIS<\/a><\/li>\n<li><a href=\"http:\/\/www.otuzilci-hk.cz\" target=\"_blank\" rel=\"noopener noreferrer\">SoHK \u2013 TJ Sokol Hradec Kr\u00e1lov\u00e9<\/a><\/li>\n<li><a href=\"http:\/\/www.pkza.ic.cz\" target=\"_blank\" rel=\"noopener noreferrer\">PKZ\u00e1 \u2013 Plaveck\u00fd klub Z\u00e1b\u0159eh<\/a><\/li>\n<li><a href=\"http:\/\/www.scpap.cz\" target=\"_blank\" rel=\"noopener noreferrer\">SCPAP \u2013 SC Plaveck\u00fd are\u00e1l Pardubice<\/a><\/li>\n<li><a href=\"http:\/\/www.metujstitygri.cz\/\" target=\"_blank\" rel=\"noopener noreferrer\">SKN\u00e1 \u2013 SK V\u00fdtahy N\u00e1chod<\/a><\/li>\n<li><a href=\"http:\/\/otuzilci-chocen.wz.cz\" target=\"_blank\" rel=\"noopener noreferrer\">SpCh- Spartak Choce\u0148<\/a><\/li>\n<li><a href=\"http:\/\/www.guffoo.cz\/otuzilci\/\">SyPa &#8211; Synthesia Pardubice<\/a><\/li>\n<li>UnBr \u2013 VSK Univerzita Brno<\/li>\n<\/ul>\n","protected":false},"excerpt":{"rendered":"<p>Web zimn\u00edho plav\u00e1n\u00ed &#8211; www.zimni-plavani.info Kluby (v po\u0159ad\u00ed dle v\u00fdsledk\u016f \u010cesk\u00e9ho poh\u00e1ru v zimn\u00edm plav\u00e1n\u00ed 2012): FiBr \u2013 FIDES Brno I.PKO \u2013 I. Plaveck\u00fd klub otu\u017eilc\u016f Praha KSOPl \u2013 Klub sportovn\u00edch otu\u017eilc\u016f Plze\u0148 Han\u00e1 \u2013 Han\u00e1 Prost\u011bjov JPK \u2013 Jihlavsk\u00fd plaveck\u00fd klub AXIS SoHK \u2013 TJ Sokol Hradec Kr\u00e1lov\u00e9 PKZ\u00e1 \u2013 Plaveck\u00fd klub Z\u00e1b\u0159eh SCPAP &hellip; <a href=\"https:\/\/www.otuzilci-brno.cz\/?page_id=44\" class=\"more-link\">Pokra\u010dovat ve \u010dten\u00ed<span class=\"screen-reader-text\"> &#8222;Kluby&#8220;<\/span><\/a><\/p>\n","protected":false},"author":1,"featured_media":0,"parent":0,"menu_order":0,"comment_status":"closed","ping_status":"open","template":"","meta":{"ngg_post_thumbnail":0,"footnotes":""},"class_list":["post-44","page","type-page","status-publish","hentry"],"_links":{"self":[{"href":"https:\/\/www.otuzilci-brno.cz\/index.php?rest_route=\/wp\/v2\/pages\/44","targetHints":{"allow":["GET"]}}],"collection":[{"href":"https:\/\/www.otuzilci-brno.cz\/index.php?rest_route=\/wp\/v2\/pages"}],"about":[{"href":"https:\/\/www.otuzilci-brno.cz\/index.php?rest_route=\/wp\/v2\/types\/page"}],"author":[{"embeddable":true,"href":"https:\/\/www.otuzilci-brno.cz\/index.php?rest_route=\/wp\/v2\/users\/1"}],"replies":[{"embeddable":true,"href":"https:\/\/www.otuzilci-brno.cz\/index.php?rest_route=%2Fwp%2Fv2%2Fcomments&post=44"}],"version-history":[{"count":9,"href":"https:\/\/www.otuzilci-brno.cz\/index.php?rest_route=\/wp\/v2\/pages\/44\/revisions"}],"predecessor-version":[{"id":3599,"href":"https:\/\/www.otuzilci-brno.cz\/index.php?rest_route=\/wp\/v2\/pages\/44\/revisions\/3599"}],"wp:attachment":[{"href":"https:\/\/www.otuzilci-brno.cz\/index.php?rest_route=%2Fwp%2Fv2%2Fmedia&parent=44"}],"curies":[{"name":"wp","href":"https:\/\/api.w.org\/{rel}","templated":true}]}}