{"id":46,"date":"2013-12-03T12:00:08","date_gmt":"2013-12-03T12:00:08","guid":{"rendered":"http:\/\/www.otuzilci-brno.cz\/?page_id=46"},"modified":"2021-01-18T15:51:22","modified_gmt":"2021-01-18T14:51:22","slug":"kontakty","status":"publish","type":"page","link":"https:\/\/www.otuzilci-brno.cz\/?page_id=46","title":{"rendered":"Kontakty"},"content":{"rendered":"<p>Fides Brno, odd\u00edl zimn\u00edho a d\u00e1lkov\u00e9ho plav\u00e1n\u00ed<\/p>\n<p>P\u0159edseda odd\u00edlu:&nbsp;<strong>Ing. Petr Mihola<\/strong><\/p>\n<p>E-mail:&nbsp;<a title=\"info@otuzilci-brno.cz\" href=\"mailto:info@otuzilci-brno.cz\">info@otuzilci-brno.cz<\/a><\/p>\n<p>FIDES Brno, z.s.<br>I\u010c: 70436215<br>Dornych 129\/57, Trnit\u00e1<br>617 00 Brno<\/p>\n\n\n<p>Pokud m\u00e1te z\u00e1jem st\u00e1t se \u010dlenem odd\u00edlu, pod\u00edvejte se nejprve na str\u00e1nku: <a href=\"https:\/\/www.otuzilci-brno.cz\/?page_id=68\" data-type=\"page\" data-id=\"68\">Jak se st\u00e1t \u010dlenem odd\u00edlu<\/a>.<\/p>\n","protected":false},"excerpt":{"rendered":"<p>Fides Brno, odd\u00edl zimn\u00edho a d\u00e1lkov\u00e9ho plav\u00e1n\u00ed P\u0159edseda odd\u00edlu:&nbsp;Ing. Petr Mihola E-mail:&nbsp;info@otuzilci-brno.cz FIDES Brno, z.s.I\u010c: 70436215Dornych 129\/57, Trnit\u00e1617 00 Brno Pokud m\u00e1te z\u00e1jem st\u00e1t se \u010dlenem odd\u00edlu, pod\u00edvejte se nejprve na str\u00e1nku: Jak se st\u00e1t \u010dlenem odd\u00edlu.<\/p>\n","protected":false},"author":1,"featured_media":0,"parent":0,"menu_order":0,"comment_status":"closed","ping_status":"open","template":"","meta":{"ngg_post_thumbnail":0,"footnotes":""},"class_list":["post-46","page","type-page","status-publish","hentry"],"_links":{"self":[{"href":"https:\/\/www.otuzilci-brno.cz\/index.php?rest_route=\/wp\/v2\/pages\/46","targetHints":{"allow":["GET"]}}],"collection":[{"href":"https:\/\/www.otuzilci-brno.cz\/index.php?rest_route=\/wp\/v2\/pages"}],"about":[{"href":"https:\/\/www.otuzilci-brno.cz\/index.php?rest_route=\/wp\/v2\/types\/page"}],"author":[{"embeddable":true,"href":"https:\/\/www.otuzilci-brno.cz\/index.php?rest_route=\/wp\/v2\/users\/1"}],"replies":[{"embeddable":true,"href":"https:\/\/www.otuzilci-brno.cz\/index.php?rest_route=%2Fwp%2Fv2%2Fcomments&post=46"}],"version-history":[{"count":5,"href":"https:\/\/www.otuzilci-brno.cz\/index.php?rest_route=\/wp\/v2\/pages\/46\/revisions"}],"predecessor-version":[{"id":6248,"href":"https:\/\/www.otuzilci-brno.cz\/index.php?rest_route=\/wp\/v2\/pages\/46\/revisions\/6248"}],"wp:attachment":[{"href":"https:\/\/www.otuzilci-brno.cz\/index.php?rest_route=%2Fwp%2Fv2%2Fmedia&parent=46"}],"curies":[{"name":"wp","href":"https:\/\/api.w.org\/{rel}","templated":true}]}}