{"id":550,"date":"2014-01-07T15:07:35","date_gmt":"2014-01-07T14:07:35","guid":{"rendered":"http:\/\/www.otuzilci-brno.cz\/?page_id=550"},"modified":"2018-03-26T15:30:56","modified_gmt":"2018-03-26T13:30:56","slug":"medaile-z-mistrovstvi-cr-v-zimnim-plavani","status":"publish","type":"page","link":"https:\/\/www.otuzilci-brno.cz\/?page_id=550","title":{"rendered":"Medaile z Mistrovstv\u00ed \u010cR v zimn\u00edm plav\u00e1n\u00ed"},"content":{"rendered":"\n<!-- Page-list plugin v.5.9 wordpress.org\/plugins\/page-list\/ -->\n<ul class=\"page-list \">\n<li class=\"page_item page-item-672\"><a href=\"https:\/\/www.otuzilci-brno.cz\/?page_id=672\">\u00dasp\u011b\u0161nost na mistrovsk\u00fdch akc\u00edch od vzniku po sou\u010dasnost<\/a><\/li>\n<li class=\"page_item page-item-664\"><a href=\"https:\/\/www.otuzilci-brno.cz\/?page_id=664\">P\u0159ehled z\u00edskan\u00fdch medail\u00ed z Mistrovstv\u00ed \u010cR, od vzniku, chronologick\u00fd p\u0159ehled<\/a><\/li>\n<li class=\"page_item page-item-674\"><a href=\"https:\/\/www.otuzilci-brno.cz\/?page_id=674\">P\u0159ehled z\u00edskan\u00fdch medail\u00ed z Mistrovstv\u00ed \u010cR od 2000\/01, abecedn\u00ed seznam<\/a><\/li>\n<li class=\"page_item page-item-677\"><a href=\"https:\/\/www.otuzilci-brno.cz\/?page_id=677\">P\u0159ehled z\u00edskan\u00fdch medail\u00ed z Mistrovstv\u00ed \u010cR od 2000\/01, po\u0159ad\u00ed podle \u00fasp\u011b\u0161nosti<\/a><\/li>\n<li class=\"page_item page-item-683\"><a href=\"https:\/\/www.otuzilci-brno.cz\/?page_id=683\">Medaile \u010dlen\u016f odd\u00edlu Fides Brno v r\u00e1mci Mistrovstv\u00ed \u010cR, prsa, od 2001\/02<\/a><\/li>\n<li class=\"page_item page-item-678\"><a href=\"https:\/\/www.otuzilci-brno.cz\/?page_id=678\">Medaile \u010dlen\u016f odd\u00edlu Fides Brno v r\u00e1mci Mistrovstv\u00ed \u010cR, v. zp\u016fsob, od 2001\/02<\/a><\/li>\n<li class=\"page_item page-item-688\"><a href=\"https:\/\/www.otuzilci-brno.cz\/?page_id=688\">Zlat\u00e9 medaile v r\u00e1mci Mistrovstv\u00ed \u010cR, chronologicky<\/a><\/li>\n<li class=\"page_item page-item-680\"><a href=\"https:\/\/www.otuzilci-brno.cz\/?page_id=680\">St\u0159\u00edbrn\u00e9 medaile v r\u00e1mci Mistrovstv\u00ed \u010cR, chronologicky<\/a><\/li>\n<li class=\"page_item page-item-699\"><a href=\"https:\/\/www.otuzilci-brno.cz\/?page_id=699\">Bronzov\u00e9 medaile v r\u00e1mci Mistrovstv\u00ed \u010cR, chronologicky<\/a><\/li>\n\n<\/ul>\n","protected":false},"excerpt":{"rendered":"","protected":false},"author":1,"featured_media":0,"parent":22,"menu_order":3,"comment_status":"closed","ping_status":"open","template":"","meta":{"ngg_post_thumbnail":0,"footnotes":""},"class_list":["post-550","page","type-page","status-publish","hentry"],"_links":{"self":[{"href":"https:\/\/www.otuzilci-brno.cz\/index.php?rest_route=\/wp\/v2\/pages\/550","targetHints":{"allow":["GET"]}}],"collection":[{"href":"https:\/\/www.otuzilci-brno.cz\/index.php?rest_route=\/wp\/v2\/pages"}],"about":[{"href":"https:\/\/www.otuzilci-brno.cz\/index.php?rest_route=\/wp\/v2\/types\/page"}],"author":[{"embeddable":true,"href":"https:\/\/www.otuzilci-brno.cz\/index.php?rest_route=\/wp\/v2\/users\/1"}],"replies":[{"embeddable":true,"href":"https:\/\/www.otuzilci-brno.cz\/index.php?rest_route=%2Fwp%2Fv2%2Fcomments&post=550"}],"version-history":[{"count":4,"href":"https:\/\/www.otuzilci-brno.cz\/index.php?rest_route=\/wp\/v2\/pages\/550\/revisions"}],"predecessor-version":[{"id":7087,"href":"https:\/\/www.otuzilci-brno.cz\/index.php?rest_route=\/wp\/v2\/pages\/550\/revisions\/7087"}],"up":[{"embeddable":true,"href":"https:\/\/www.otuzilci-brno.cz\/index.php?rest_route=\/wp\/v2\/pages\/22"}],"wp:attachment":[{"href":"https:\/\/www.otuzilci-brno.cz\/index.php?rest_route=%2Fwp%2Fv2%2Fmedia&parent=550"}],"curies":[{"name":"wp","href":"https:\/\/api.w.org\/{rel}","templated":true}]}}