{"id":631,"date":"2014-01-12T10:39:42","date_gmt":"2014-01-12T09:39:42","guid":{"rendered":"http:\/\/www.otuzilci-brno.cz\/?page_id=631"},"modified":"2019-03-30T09:02:54","modified_gmt":"2019-03-30T08:02:54","slug":"mcr-slavkov-2010-2-3-14","status":"publish","type":"page","link":"https:\/\/www.otuzilci-brno.cz\/?page_id=631","title":{"rendered":"He\u0159manice l\u00e9to 2008"},"content":{"rendered":"<p>Sout\u011b\u017e v d\u00e1lkov\u00e9m plav\u00e1n\u00ed<br \/>\n<div class=\"flickr-justified-gallery-error\"><span style=\"color:red\">Flickr API error: <\/span><span class=\"flickr-justified-gallery-error-msg\">Invalid API Key (Key has invalid format)<\/span><\/div>\n","protected":false},"excerpt":{"rendered":"<p>Sout\u011b\u017e v d\u00e1lkov\u00e9m plav\u00e1n\u00ed<\/p>\n","protected":false},"author":1,"featured_media":641,"parent":238,"menu_order":171,"comment_status":"closed","ping_status":"open","template":"","meta":{"ngg_post_thumbnail":0,"footnotes":""},"class_list":["post-631","page","type-page","status-publish","has-post-thumbnail","hentry"],"_links":{"self":[{"href":"https:\/\/www.otuzilci-brno.cz\/index.php?rest_route=\/wp\/v2\/pages\/631","targetHints":{"allow":["GET"]}}],"collection":[{"href":"https:\/\/www.otuzilci-brno.cz\/index.php?rest_route=\/wp\/v2\/pages"}],"about":[{"href":"https:\/\/www.otuzilci-brno.cz\/index.php?rest_route=\/wp\/v2\/types\/page"}],"author":[{"embeddable":true,"href":"https:\/\/www.otuzilci-brno.cz\/index.php?rest_route=\/wp\/v2\/users\/1"}],"replies":[{"embeddable":true,"href":"https:\/\/www.otuzilci-brno.cz\/index.php?rest_route=%2Fwp%2Fv2%2Fcomments&post=631"}],"version-history":[{"count":1,"href":"https:\/\/www.otuzilci-brno.cz\/index.php?rest_route=\/wp\/v2\/pages\/631\/revisions"}],"predecessor-version":[{"id":642,"href":"https:\/\/www.otuzilci-brno.cz\/index.php?rest_route=\/wp\/v2\/pages\/631\/revisions\/642"}],"up":[{"embeddable":true,"href":"https:\/\/www.otuzilci-brno.cz\/index.php?rest_route=\/wp\/v2\/pages\/238"}],"wp:featuredmedia":[{"embeddable":true,"href":"https:\/\/www.otuzilci-brno.cz\/index.php?rest_route=\/wp\/v2\/media\/641"}],"wp:attachment":[{"href":"https:\/\/www.otuzilci-brno.cz\/index.php?rest_route=%2Fwp%2Fv2%2Fmedia&parent=631"}],"curies":[{"name":"wp","href":"https:\/\/api.w.org\/{rel}","templated":true}]}}