{"id":677,"date":"2014-01-12T19:57:48","date_gmt":"2014-01-12T18:57:48","guid":{"rendered":"http:\/\/www.otuzilci-brno.cz\/?page_id=677"},"modified":"2023-03-08T08:06:42","modified_gmt":"2023-03-08T07:06:42","slug":"prehled-ziskanych-medaili-z-mistrovstvi-cr-od-vzniku-chronologicky-prehled-2-3","status":"publish","type":"page","link":"https:\/\/www.otuzilci-brno.cz\/?page_id=677","title":{"rendered":"P\u0159ehled z\u00edskan\u00fdch medail\u00ed z Mistrovstv\u00ed \u010cR od 2000\/01, po\u0159ad\u00ed podle \u00fasp\u011b\u0161nosti"},"content":{"rendered":"                <div id=\"eov69e7522334d75\" class=\"eov_doc\">\r\n                    <iframe loading=\"lazy\" src=\"https:\/\/view.officeapps.live.com\/op\/embed.aspx?src=https:\/\/www.otuzilci-brno.cz\/wp-content\/uploads\/Medaile_Fides_2000_2026_medaile_uspesnost_1.xlsx\" width=\"590px\" height=\"900px\" frameborder=\"0\"><\/iframe>\r\n                <\/div>\r\n    \n","protected":false},"excerpt":{"rendered":"","protected":false},"author":1,"featured_media":0,"parent":550,"menu_order":4,"comment_status":"closed","ping_status":"closed","template":"","meta":{"ngg_post_thumbnail":0,"footnotes":""},"class_list":["post-677","page","type-page","status-publish","hentry"],"_links":{"self":[{"href":"https:\/\/www.otuzilci-brno.cz\/index.php?rest_route=\/wp\/v2\/pages\/677","targetHints":{"allow":["GET"]}}],"collection":[{"href":"https:\/\/www.otuzilci-brno.cz\/index.php?rest_route=\/wp\/v2\/pages"}],"about":[{"href":"https:\/\/www.otuzilci-brno.cz\/index.php?rest_route=\/wp\/v2\/types\/page"}],"author":[{"embeddable":true,"href":"https:\/\/www.otuzilci-brno.cz\/index.php?rest_route=\/wp\/v2\/users\/1"}],"replies":[{"embeddable":true,"href":"https:\/\/www.otuzilci-brno.cz\/index.php?rest_route=%2Fwp%2Fv2%2Fcomments&post=677"}],"version-history":[{"count":10,"href":"https:\/\/www.otuzilci-brno.cz\/index.php?rest_route=\/wp\/v2\/pages\/677\/revisions"}],"predecessor-version":[{"id":7115,"href":"https:\/\/www.otuzilci-brno.cz\/index.php?rest_route=\/wp\/v2\/pages\/677\/revisions\/7115"}],"up":[{"embeddable":true,"href":"https:\/\/www.otuzilci-brno.cz\/index.php?rest_route=\/wp\/v2\/pages\/550"}],"wp:attachment":[{"href":"https:\/\/www.otuzilci-brno.cz\/index.php?rest_route=%2Fwp%2Fv2%2Fmedia&parent=677"}],"curies":[{"name":"wp","href":"https:\/\/api.w.org\/{rel}","templated":true}]}}