{"id":683,"date":"2014-01-12T20:28:57","date_gmt":"2014-01-12T19:28:57","guid":{"rendered":"http:\/\/www.otuzilci-brno.cz\/?page_id=683"},"modified":"2023-03-08T08:27:49","modified_gmt":"2023-03-08T07:27:49","slug":"prehled-ziskanych-medaili-z-mistrovstvi-cr-od-vzniku-chronologicky-prehled-2-4-2","status":"publish","type":"page","link":"https:\/\/www.otuzilci-brno.cz\/?page_id=683","title":{"rendered":"Medaile \u010dlen\u016f odd\u00edlu Fides Brno v r\u00e1mci Mistrovstv\u00ed \u010cR, prsa, od 2001\/02"},"content":{"rendered":"                <div id=\"eov69e8b648e88ae\" class=\"eov_doc\">\r\n                    <iframe loading=\"lazy\" src=\"https:\/\/view.officeapps.live.com\/op\/embed.aspx?src=https:\/\/www.otuzilci-brno.cz\/wp-content\/uploads\/Medaile_Fides_2000_2026_medaile_prsa.xlsx\" width=\"465px\" height=\"900px\" frameborder=\"0\"><\/iframe>\r\n                <\/div>\r\n    \n","protected":false},"excerpt":{"rendered":"","protected":false},"author":1,"featured_media":0,"parent":550,"menu_order":5,"comment_status":"closed","ping_status":"closed","template":"","meta":{"ngg_post_thumbnail":0,"footnotes":""},"class_list":["post-683","page","type-page","status-publish","hentry"],"_links":{"self":[{"href":"https:\/\/www.otuzilci-brno.cz\/index.php?rest_route=\/wp\/v2\/pages\/683","targetHints":{"allow":["GET"]}}],"collection":[{"href":"https:\/\/www.otuzilci-brno.cz\/index.php?rest_route=\/wp\/v2\/pages"}],"about":[{"href":"https:\/\/www.otuzilci-brno.cz\/index.php?rest_route=\/wp\/v2\/types\/page"}],"author":[{"embeddable":true,"href":"https:\/\/www.otuzilci-brno.cz\/index.php?rest_route=\/wp\/v2\/users\/1"}],"replies":[{"embeddable":true,"href":"https:\/\/www.otuzilci-brno.cz\/index.php?rest_route=%2Fwp%2Fv2%2Fcomments&post=683"}],"version-history":[{"count":11,"href":"https:\/\/www.otuzilci-brno.cz\/index.php?rest_route=\/wp\/v2\/pages\/683\/revisions"}],"predecessor-version":[{"id":7125,"href":"https:\/\/www.otuzilci-brno.cz\/index.php?rest_route=\/wp\/v2\/pages\/683\/revisions\/7125"}],"up":[{"embeddable":true,"href":"https:\/\/www.otuzilci-brno.cz\/index.php?rest_route=\/wp\/v2\/pages\/550"}],"wp:attachment":[{"href":"https:\/\/www.otuzilci-brno.cz\/index.php?rest_route=%2Fwp%2Fv2%2Fmedia&parent=683"}],"curies":[{"name":"wp","href":"https:\/\/api.w.org\/{rel}","templated":true}]}}