{"id":7027,"date":"2023-02-20T07:07:12","date_gmt":"2023-02-20T06:07:12","guid":{"rendered":"https:\/\/www.otuzilci-brno.cz\/?page_id=7027"},"modified":"2026-03-18T09:40:23","modified_gmt":"2026-03-18T08:40:23","slug":"vysledky-ms","status":"publish","type":"page","link":"https:\/\/www.otuzilci-brno.cz\/?page_id=7027","title":{"rendered":"V\u00fdsledky MS v zimn\u00edm plav\u00e1n\u00ed"},"content":{"rendered":"\n<h2 class=\"wp-block-heading\">15. mistrovstv\u00ed sv\u011bta IWSA, Oulu, Finsko <br> (2. &#8211; 8. 3. 2026)<\/h2>\n\n\n\n<ul class=\"wp-block-list\">\n<li><a href=\"https:\/\/resultfellows.com\/2026_mm-talviuinnit_oulu\/\">15. Winter Swimming World Championship Results (resultfellows.com)<\/a><\/li>\n<\/ul>\n\n\n\n<hr class=\"wp-block-separator has-css-opacity is-style-wide\"\/>\n\n\n\n<h2 class=\"wp-block-heading\">6. mistrovstv\u00ed sv\u011bta IISA, Molveno, It\u00e1lie <br> (13. &#8211; 19. 1. 2025)<\/h2>\n\n\n\n<ul class=\"wp-block-list\">\n<li><a href=\"https:\/\/iisa2025results.microplustimingservices.com\/#\/schedule-bydate-json\/1\/*\" target=\"_blank\" rel=\"noreferrer noopener\">IISA 6th World Championship Results<\/a><\/li>\n<\/ul>\n\n\n\n<hr class=\"wp-block-separator has-alpha-channel-opacity is-style-wide\"\/>\n\n\n\n<h2 class=\"wp-block-heading\">14. mistrovstv\u00ed sv\u011bta IWSA, Tallinn, Estonsko <br> (4. &#8211; 10. 3. 2024)    <\/h2>\n\n\n\n<ul class=\"wp-block-list\">\n<li> <a href=\"https:\/\/www.racetecresults.com\/results.aspx?CId=16573&amp;RId=520\" target=\"_blank\" rel=\"noreferrer noopener\">14. Winter Swimming World Championship Results (racetecresults.com)<\/a><\/li>\n<\/ul>\n\n\n\n<hr class=\"wp-block-separator has-css-opacity is-style-wide\"\/>\n\n\n\n<h2 class=\"wp-block-heading\">13. mistrovstv\u00ed sv\u011bta IWSA, Bled, Slovinsko <br> (23. &#8211; 29. 1. 2023) <\/h2>\n\n\n\n<ul class=\"wp-block-list\">\n<li>Celkov\u00e9 v\u00fdsledky: <a href=\"https:\/\/live.swimify.com\/competitions\/13-winter-swimming-world-championships-2023-2023-01-24\/events\/entries\/1\/1\" target=\"_blank\" rel=\"noreferrer noopener\">13. Winter Swimming World Championship 2023 Results<\/a><\/li>\n\n\n\n<li>V\u00fdsledky podle v\u011bkov\u00fdch kategori\u00ed: <a href=\"https:\/\/cdn-eu.swimify.com\/competition_files\/b5848fc8-7870-49c5-a53d-0240d8e7064a\/archive\/jbv78ldhgawny_ResultsTotalPerAgegroup.pdf\" target=\"_blank\" rel=\"noreferrer noopener\">Results Total Per Age group (swimify.com)<\/a><\/li>\n<\/ul>\n\n\n\n<hr class=\"wp-block-separator has-css-opacity is-style-wide\"\/>\n\n\n\n<h2 class=\"wp-block-heading\"> 4. mistrovstv\u00ed sv\u011bta IISA, G\u0142og\u00f3w, Polsko <br> (3. &#8211; 7. 2. 2022) <\/h2>\n\n\n\n<ul class=\"wp-block-list\">\n<li><a href=\"https:\/\/internationaliceswimming.com\/wp-content\/themes\/rttheme18-child\/events\/pdf_event_results.php?event=119\" target=\"_blank\" rel=\"noreferrer noopener\">IISA 4th World Championship Results (internationaliceswimming.com)<\/a><\/li>\n<\/ul>\n\n\n\n<hr class=\"wp-block-separator has-css-opacity is-style-wide\"\/>\n\n\n\n<h2 class=\"wp-block-heading\">12. mistrovstv\u00ed sv\u011bta IWSA, Bled, Slovinsko <br> (3. &#8211; 8. 2. 2020)<\/h2>\n\n\n\n<ul class=\"wp-block-list\">\n<li><a href=\"https:\/\/www.strel-swimming.com\/lake-bled-winter-swimming\/\" target=\"_blank\" rel=\"noreferrer noopener\">12. Winter Swimming World Championship Results<\/a><\/li>\n<\/ul>\n\n\n\n<hr class=\"wp-block-separator has-css-opacity is-style-wide\"\/>\n\n\n\n<h2 class=\"wp-block-heading\">11. mistrovstv\u00ed sv\u011bta IWSA, Tallinn, Estonsko <br> (6. &#8211; 10. 3. 2018)<\/h2>\n\n\n\n<ul class=\"wp-block-list\">\n<li><a href=\"https:\/\/www.racetecresults.com\/Results.aspx?CId=16573&amp;RId=164&amp;EId=12\" target=\"_blank\" rel=\"noreferrer noopener\">11. Winter Swimming World Championship Results (racetecresults.com)<\/a><\/li>\n<\/ul>\n\n\n\n<hr class=\"wp-block-separator has-css-opacity is-style-wide\"\/>\n\n\n\n<h2 class=\"wp-block-heading\">2. mistrovstv\u00ed sv\u011bta IISA, Burghausen, N\u011bmecko <br> (5. &#8211; 6. 1. 2017)<\/h2>\n\n\n\n<ul class=\"wp-block-list\">\n<li><a href=\"https:\/\/internationaliceswimming.com\/wp-content\/themes\/rttheme18-child\/events\/pdf_event_results.php?event=4\" target=\"_blank\" rel=\"noreferrer noopener\">IISA 2th World Championship Results (internationaliceswimming.com)<\/a><\/li>\n<\/ul>\n\n\n\n<hr class=\"wp-block-separator has-css-opacity is-style-wide\"\/>\n\n\n\n<h2 class=\"wp-block-heading\">9. mistrovstv\u00ed sv\u011bta IWSA, Rovaniemi, Finsko <br> (20. &#8211; 23. 3. 2014)<\/h2>\n\n\n\n<ul class=\"wp-block-list\">\n<li>Celkov\u00e9 v\u00fdsledky: <a href=\"http:\/\/www.resultfellows.com\/2014\/rovaniemi\/\" target=\"_blank\" rel=\"noreferrer noopener\">9. Winter Swimming World Championship (resultfellows.com)<\/a><\/li>\n\n\n\n<li>V\u00fdsledky Endurance swim 450 m: <a href=\"http:\/\/www.resultfellows.com\/2014\/rovaniemi\/end_tulokset_en.html\" target=\"_blank\" rel=\"noreferrer noopener\">9. Winter Swimming World Championship &#8211; Endurance swim <\/a><\/li>\n<\/ul>\n\n\n\n<p><\/p>\n","protected":false},"excerpt":{"rendered":"<p>15. mistrovstv\u00ed sv\u011bta IWSA, Oulu, Finsko (2. &#8211; 8. 3. 2026) 6. mistrovstv\u00ed sv\u011bta IISA, Molveno, It\u00e1lie (13. &#8211; 19. 1. 2025) 14. mistrovstv\u00ed sv\u011bta IWSA, Tallinn, Estonsko (4. &#8211; 10. 3. 2024) 13. mistrovstv\u00ed sv\u011bta IWSA, Bled, Slovinsko (23. &#8211; 29. 1. 2023) 4. mistrovstv\u00ed sv\u011bta IISA, G\u0142og\u00f3w, Polsko (3. &#8211; 7. 2. 2022) &hellip; <a href=\"https:\/\/www.otuzilci-brno.cz\/?page_id=7027\" class=\"more-link\">Pokra\u010dovat ve \u010dten\u00ed<span class=\"screen-reader-text\"> &#8222;V\u00fdsledky MS v zimn\u00edm plav\u00e1n\u00ed&#8220;<\/span><\/a><\/p>\n","protected":false},"author":187,"featured_media":0,"parent":0,"menu_order":0,"comment_status":"closed","ping_status":"closed","template":"","meta":{"ngg_post_thumbnail":0,"footnotes":""},"class_list":["post-7027","page","type-page","status-publish","hentry"],"_links":{"self":[{"href":"https:\/\/www.otuzilci-brno.cz\/index.php?rest_route=\/wp\/v2\/pages\/7027","targetHints":{"allow":["GET"]}}],"collection":[{"href":"https:\/\/www.otuzilci-brno.cz\/index.php?rest_route=\/wp\/v2\/pages"}],"about":[{"href":"https:\/\/www.otuzilci-brno.cz\/index.php?rest_route=\/wp\/v2\/types\/page"}],"author":[{"embeddable":true,"href":"https:\/\/www.otuzilci-brno.cz\/index.php?rest_route=\/wp\/v2\/users\/187"}],"replies":[{"embeddable":true,"href":"https:\/\/www.otuzilci-brno.cz\/index.php?rest_route=%2Fwp%2Fv2%2Fcomments&post=7027"}],"version-history":[{"count":10,"href":"https:\/\/www.otuzilci-brno.cz\/index.php?rest_route=\/wp\/v2\/pages\/7027\/revisions"}],"predecessor-version":[{"id":11006,"href":"https:\/\/www.otuzilci-brno.cz\/index.php?rest_route=\/wp\/v2\/pages\/7027\/revisions\/11006"}],"wp:attachment":[{"href":"https:\/\/www.otuzilci-brno.cz\/index.php?rest_route=%2Fwp%2Fv2%2Fmedia&parent=7027"}],"curies":[{"name":"wp","href":"https:\/\/api.w.org\/{rel}","templated":true}]}}